{"id":189,"date":"2026-01-05T11:14:27","date_gmt":"2026-01-05T10:14:27","guid":{"rendered":"https:\/\/sfleck.hak-digital.at\/?page_id=189"},"modified":"2026-01-19T20:24:58","modified_gmt":"2026-01-19T19:24:58","slug":"services","status":"publish","type":"page","link":"https:\/\/sfleck.hak-digital.at\/?page_id=189","title":{"rendered":"Kampfsportarten"},"content":{"rendered":"\n<h2 class=\"wp-block-heading\">Die drei popul\u00e4rsten Kampfsportarten<\/h2>\n\n\n\n<p><br><\/p>\n\n\n\n<h2 class=\"wp-block-heading\">1. Taekwondo<\/h2>\n\n\n\n<p>Taekwondo ist eine traditionelle koreanische Kampfkunst mit schnellen Tritten und pr\u00e4zisen Schl\u00e4gen. Es legt Wert auf Disziplin, Respekt und mentale St\u00e4rke. Taekwondo kommt aus S\u00fcrdkorea und gibt es schon seit Jahrhunderten.<br>Poomsae sind festgelegte Formen, die Technik, Balance und Konzentration trainieren, w\u00e4hrend Kyorugi das freie K\u00e4mpfen gegen einen Gegner im Wettkampf bedeutet. Beide Bereiche erg\u00e4nzen sich ideal und machen Taekwondo zu einer sportlichen und geistig f\u00f6rdernden Kunst.<\/p>\n\n\n\n<figure class=\"wp-block-image\"><img decoding=\"async\" src=\"http:\/\/sfleck.hak-digital.at\/wp-content\/uploads\/2026\/01\/PORTADA-COPA-PRESIDENTE-POOMSAE-EUROPA.jpg\" alt=\"PORTADA-COPA-PRESIDENTE-POOMSAE-EUROPA\" title=\"PORTADA-COPA-PRESIDENTE-POOMSAE-EUROPA\"\/><\/figure>\n\n\n\n<h2 class=\"wp-block-heading\">2. Judo<\/h2>\n\n\n\n<p>Judo ist eine japanische Kampfkunst, die sich auf W\u00fcrfe, Bodentechniken und Grappling konzentriert. Es f\u00f6rdert K\u00f6rperkraft, Koordination und mentale St\u00e4rke.<br>Im Training gibt es Randori, das freie \u00dcben gegen einen Partner, und Kata, festgelegte Formen zur Verbesserung von Technik und Pr\u00e4zision. Judo wird weltweit als Sport, Selbstverteidigung und Wettkampfsport praktiziert.<\/p>\n\n\n\n<figure class=\"wp-block-image\"><img decoding=\"async\" src=\"http:\/\/sfleck.hak-digital.at\/wp-content\/uploads\/2026\/01\/photo-isabelle-geiger-1693391138.jpg\" alt=\"photo-isabelle-geiger-1693391138\" title=\"photo-isabelle-geiger-1693391138\"\/><\/figure>\n\n\n\n<p><\/p>\n\n\n\n<h2 class=\"wp-block-heading\">3. Karate<\/h2>\n\n\n\n<p>Karate ist eine japanische Kampfkunst, die sich auf Schl\u00e4ge, Tritte und pr\u00e4zise Techniken konzentriert. Es f\u00f6rdert Disziplin, Konzentration und K\u00f6rperbeherrschung. Karate kommt aus Japan (Okinawa)<br>Im Training werden Kihon (Grundtechniken), Kata (festgelegte Formen) und Kumite (freies K\u00e4mpfen\/Wettkampf) ge\u00fcbt. Karate dient sowohl der Selbstverteidigung als auch dem sportlichen Wettkampf.<br>Bekannt geworden durch die &#8220;Karate Kid&#8221; Filme und der Serie &#8220;Cobra Kai&#8221;<\/p>\n\n\n\n<figure class=\"wp-block-image is-resized\"><img decoding=\"async\" src=\"http:\/\/sfleck.hak-digital.at\/wp-content\/uploads\/2026\/01\/okinawamainislandpoliticalmap-391770024.webp\" alt=\"okinawamainislandpoliticalmap-391770024\" style=\"aspect-ratio:0.8422482594668025;width:384px;height:auto\" title=\"okinawamainislandpoliticalmap-391770024\"\/><\/figure>\n\n\n\n<p><\/p>\n\n\n\n<h2 class=\"wp-block-heading\">4. Was vereint sie gemeinsam<\/h2>\n\n\n\n<div class=\"wp-block-group is-nowrap is-layout-flex wp-container-core-group-is-layout-6c531013 wp-block-group-is-layout-flex\">\n<p>Sie stammen aus Asien und haben eine lange Tradition.<br>Sie f\u00f6rdern Disziplin, Respekt und mentale St\u00e4rke.<br>Sie kombinieren Techniktraining (Formen \/ Kata \/ Poomsae \/ Kata) mit freier Anwendung im Wettkampf.<br>Sie dienen der Selbstverteidigung, k\u00f6rperlichen Fitness und pers\u00f6nlicher Entwicklung.<br>Sie nutzen systematische Trainingsstufen und G\u00fcrtelpr\u00fcfungen, um Fortschritte zu messen.<\/p>\n\n\n\n<figure class=\"wp-block-image\"><img decoding=\"async\" src=\"http:\/\/sfleck.hak-digital.at\/wp-content\/uploads\/2026\/01\/2017-05-04-18-34-46-900x600-1.jpg\" alt=\"2017-05-04-18-34-46-900x600\" title=\"2017-05-04-18-34-46-900\u00d7600\"\/><\/figure>\n<\/div>\n\n\n\n<p><\/p>\n\n\n\n<h2 class=\"wp-block-heading\">5. Die Unterschiede<\/h2>\n\n\n\n<div class=\"wp-block-group is-nowrap is-layout-flex wp-container-core-group-is-layout-6c531013 wp-block-group-is-layout-flex\">\n<p>Taekwondo, Karate und Judo f\u00f6rdern alle Disziplin, Respekt und k\u00f6rperliche sowie mentale St\u00e4rke, unterscheiden sich jedoch in Technik und Schwerpunkt: Taekwondo setzt auf schnelle Tritte, Karate auf Schl\u00e4ge und Handtechniken, Judo auf W\u00fcrfe und Bodenkampf.<\/p>\n<\/div>\n\n\n\n<figure class=\"wp-block-image\"><img decoding=\"async\" src=\"http:\/\/sfleck.hak-digital.at\/wp-content\/uploads\/2025\/10\/man-person-people-crowd-shadow-winter-sport-46458-pxhere-com-small.jpg\" alt=\"man-person-people-crowd-shadow-winter-sport-46458-pxhere-com-small.jpg\" title=\"man-person-people-crowd-shadow-winter-sport-46458-pxhere-com-small.jpg\"\/><\/figure>\n","protected":false},"excerpt":{"rendered":"<p>Die drei popul\u00e4rsten Kampfsportarten 1. Taekwondo Taekwondo ist eine traditionelle koreanische Kampfkunst mit schnellen Tritten und pr\u00e4zisen Schl\u00e4gen. Es legt Wert auf Disziplin, Respekt und mentale St\u00e4rke. Taekwondo kommt aus S\u00fcrdkorea und gibt es schon seit Jahrhunderten.Poomsae sind festgelegte Formen, die Technik, Balance und Konzentration trainieren, w\u00e4hrend Kyorugi das freie K\u00e4mpfen gegen einen Gegner im [&hellip;]<\/p>\n","protected":false},"author":1,"featured_media":0,"parent":0,"menu_order":0,"comment_status":"closed","ping_status":"closed","template":"elementor_header_footer","meta":{"footnotes":""},"class_list":["post-189","page","type-page","status-publish","hentry"],"_links":{"self":[{"href":"https:\/\/sfleck.hak-digital.at\/index.php?rest_route=\/wp\/v2\/pages\/189","targetHints":{"allow":["GET"]}}],"collection":[{"href":"https:\/\/sfleck.hak-digital.at\/index.php?rest_route=\/wp\/v2\/pages"}],"about":[{"href":"https:\/\/sfleck.hak-digital.at\/index.php?rest_route=\/wp\/v2\/types\/page"}],"author":[{"embeddable":true,"href":"https:\/\/sfleck.hak-digital.at\/index.php?rest_route=\/wp\/v2\/users\/1"}],"replies":[{"embeddable":true,"href":"https:\/\/sfleck.hak-digital.at\/index.php?rest_route=%2Fwp%2Fv2%2Fcomments&post=189"}],"version-history":[{"count":13,"href":"https:\/\/sfleck.hak-digital.at\/index.php?rest_route=\/wp\/v2\/pages\/189\/revisions"}],"predecessor-version":[{"id":390,"href":"https:\/\/sfleck.hak-digital.at\/index.php?rest_route=\/wp\/v2\/pages\/189\/revisions\/390"}],"wp:attachment":[{"href":"https:\/\/sfleck.hak-digital.at\/index.php?rest_route=%2Fwp%2Fv2%2Fmedia&parent=189"}],"curies":[{"name":"wp","href":"https:\/\/api.w.org\/{rel}","templated":true}]}}