{"id":168,"date":"2026-01-13T16:34:15","date_gmt":"2026-01-13T15:34:15","guid":{"rendered":"https:\/\/sfleck.hak-digital.at\/?page_id=168"},"modified":"2026-01-19T20:48:15","modified_gmt":"2026-01-19T19:48:15","slug":"startseite","status":"publish","type":"page","link":"https:\/\/sfleck.hak-digital.at\/","title":{"rendered":"Herzlich Willkommen!"},"content":{"rendered":"\n<div class=\"wp-block-group is-nowrap is-layout-flex wp-container-core-group-is-layout-6c531013 wp-block-group-is-layout-flex\">\n<p>Mein Name ist Sarah und meine gro\u00dfe Leidenschaft ist Taekwondo. Seit meinem f\u00fcnften Lebensjahr betreibe ich diese Sportart mit viel Begeisterung. Mit dieser Schulwebsite m\u00f6chte ich meine Leidenschaft mit euch teilen.<\/p>\n\n\n\n<figure class=\"wp-block-image size-full wp-duotone-unset-1\"><img loading=\"lazy\" decoding=\"async\" width=\"633\" height=\"627\" src=\"http:\/\/sfleck.hak-digital.at\/wp-content\/uploads\/2025\/11\/WhatsApp-Bild-2025-11-22-um-13.13.37_f2723d74.jpg\" alt=\"\" class=\"wp-image-129\" srcset=\"https:\/\/sfleck.hak-digital.at\/wp-content\/uploads\/2025\/11\/WhatsApp-Bild-2025-11-22-um-13.13.37_f2723d74.jpg 633w, https:\/\/sfleck.hak-digital.at\/wp-content\/uploads\/2025\/11\/WhatsApp-Bild-2025-11-22-um-13.13.37_f2723d74-300x297.jpg 300w, https:\/\/sfleck.hak-digital.at\/wp-content\/uploads\/2025\/11\/WhatsApp-Bild-2025-11-22-um-13.13.37_f2723d74-150x150.jpg 150w\" sizes=\"auto, (max-width: 633px) 100vw, 633px\" \/><\/figure>\n<\/div>\n\n\n\n<div class=\"wp-block-group is-nowrap is-layout-flex wp-container-core-group-is-layout-6c531013 wp-block-group-is-layout-flex\">\n<p class=\"has-contrast-color has-text-color has-link-color wp-elements-943fc338b7a33c1be1e3d49d1dbdf288\">Auf den folgenden Seiten findet ihr Informationen \u00fcber meinen Verein \u201eTaekwondo Kumgang Stockerau\u201c, weitere Kampfsportarten sowie vieles mehr.<\/p>\n<\/div>\n\n\n\n<p>Ich w\u00fcnsche euch viel Spa\u00df beim St\u00f6bern.<\/p>\n\n\n\n<blockquote class=\"wp-block-quote is-layout-flow wp-block-quote-is-layout-flow\">\n<p class=\"has-accent-2-background-color has-background\">\u201eKampfsport beginnt im Kopf: Disziplin, Respekt und Ausdauer machen den wahren K\u00e4mpfer aus.\u201c<br>\u2014 <strong>Bruce Lee<\/strong><\/p>\n<\/blockquote>\n","protected":false},"excerpt":{"rendered":"<p>Mein Name ist Sarah und meine gro\u00dfe Leidenschaft ist Taekwondo. Seit meinem f\u00fcnften Lebensjahr betreibe ich diese Sportart mit viel Begeisterung. Mit dieser Schulwebsite m\u00f6chte ich meine Leidenschaft mit euch teilen. Auf den folgenden Seiten findet ihr Informationen \u00fcber meinen Verein \u201eTaekwondo Kumgang Stockerau\u201c, weitere Kampfsportarten sowie vieles mehr. Ich w\u00fcnsche euch viel Spa\u00df beim [&hellip;]<\/p>\n","protected":false},"author":1,"featured_media":244,"parent":0,"menu_order":0,"comment_status":"closed","ping_status":"closed","template":"","meta":{"footnotes":""},"class_list":["post-168","page","type-page","status-publish","has-post-thumbnail","hentry"],"_links":{"self":[{"href":"https:\/\/sfleck.hak-digital.at\/index.php?rest_route=\/wp\/v2\/pages\/168","targetHints":{"allow":["GET"]}}],"collection":[{"href":"https:\/\/sfleck.hak-digital.at\/index.php?rest_route=\/wp\/v2\/pages"}],"about":[{"href":"https:\/\/sfleck.hak-digital.at\/index.php?rest_route=\/wp\/v2\/types\/page"}],"author":[{"embeddable":true,"href":"https:\/\/sfleck.hak-digital.at\/index.php?rest_route=\/wp\/v2\/users\/1"}],"replies":[{"embeddable":true,"href":"https:\/\/sfleck.hak-digital.at\/index.php?rest_route=%2Fwp%2Fv2%2Fcomments&post=168"}],"version-history":[{"count":9,"href":"https:\/\/sfleck.hak-digital.at\/index.php?rest_route=\/wp\/v2\/pages\/168\/revisions"}],"predecessor-version":[{"id":398,"href":"https:\/\/sfleck.hak-digital.at\/index.php?rest_route=\/wp\/v2\/pages\/168\/revisions\/398"}],"wp:featuredmedia":[{"embeddable":true,"href":"https:\/\/sfleck.hak-digital.at\/index.php?rest_route=\/wp\/v2\/media\/244"}],"wp:attachment":[{"href":"https:\/\/sfleck.hak-digital.at\/index.php?rest_route=%2Fwp%2Fv2%2Fmedia&parent=168"}],"curies":[{"name":"wp","href":"https:\/\/api.w.org\/{rel}","templated":true}]}}